{"id":1584,"date":"2023-12-08T18:17:30","date_gmt":"2023-12-08T14:17:30","guid":{"rendered":"https:\/\/canadaimmigration.org\/canadaimmigration-org\/"},"modified":"2024-03-25T20:17:12","modified_gmt":"2024-03-25T16:17:12","slug":"canadaimmigration-org","status":"publish","type":"page","link":"https:\/\/canadaimmigration.org\/tr\/","title":{"rendered":"CanadaImmigration.org"},"content":{"rendered":"","protected":false},"excerpt":{"rendered":"","protected":false},"author":1,"featured_media":0,"parent":0,"menu_order":0,"comment_status":"closed","ping_status":"closed","template":"template-home.php","meta":{"_acf_changed":false,"inline_featured_image":false,"footnotes":""},"tags":[],"acf":[],"yoast_head":"<!-- This site is optimized with the Yoast SEO Premium plugin v23.0 (Yoast SEO v23.0) - https:\/\/yoast.com\/wordpress\/plugins\/seo\/ -->\n<title>Kanada G\u00f6\u00e7menli\u011fi, Kanada Vatanda\u015fl\u0131\u011f\u0131 ve Express Entry | CanadaImmigration.org<\/title>\n<meta name=\"description\" content=\"Kaanda g\u00f6\u00e7menli\u011fi, ziyaret i\u00e7in \u00e7al\u0131\u015fma vizeleri, \u00e7al\u0131\u015fma izinleri, Kanada&#039;da e\u011fitim rehberi ve Kanada vatanda\u015fl\u0131\u011f\u0131 ile Express Entry sistemi hakk\u0131nda t\u00fcm bilgiler.\" \/>\n<meta name=\"robots\" content=\"index, follow, max-snippet:-1, max-image-preview:large, max-video-preview:-1\" \/>\n<link rel=\"canonical\" href=\"https:\/\/canadaimmigration.org\/tr\/\" \/>\n<meta property=\"og:locale\" content=\"tr_TR\" \/>\n<meta property=\"og:type\" content=\"article\" \/>\n<meta property=\"og:title\" content=\"Kanada G\u00f6\u00e7menli\u011fi, Kanada Vatanda\u015fl\u0131\u011f\u0131 ve Express Entry | CanadaImmigration.org\" \/>\n<meta property=\"og:description\" content=\"Kaanda g\u00f6\u00e7menli\u011fi, ziyaret i\u00e7in \u00e7al\u0131\u015fma vizeleri, \u00e7al\u0131\u015fma izinleri, Kanada&#039;da e\u011fitim rehberi ve Kanada vatanda\u015fl\u0131\u011f\u0131 ile Express Entry sistemi hakk\u0131nda t\u00fcm bilgiler.\" \/>\n<meta property=\"og:url\" content=\"https:\/\/canadaimmigration.org\/tr\/\" \/>\n<meta property=\"og:site_name\" content=\"CanadaImmigration.org\" \/>\n<meta property=\"article:modified_time\" content=\"2024-03-25T16:17:12+00:00\" \/>\n<meta name=\"twitter:card\" content=\"summary_large_image\" \/>\n<meta name=\"twitter:title\" content=\"CanadaImmigration.org\" \/>\n<meta name=\"twitter:label1\" content=\"Tahmini okuma s\u00fcresi\" \/>\n\t<meta name=\"twitter:data1\" content=\"2 dakika\" \/>\n<script type=\"application\/ld+json\" class=\"yoast-schema-graph\">{\"@context\":\"https:\/\/schema.org\",\"@graph\":[{\"@type\":\"WebPage\",\"@id\":\"https:\/\/canadaimmigration.org\/tr\/\",\"url\":\"https:\/\/canadaimmigration.org\/tr\/\",\"name\":\"Kanada G\u00f6\u00e7menli\u011fi, Kanada Vatanda\u015fl\u0131\u011f\u0131 ve Express Entry | CanadaImmigration.org\",\"isPartOf\":{\"@id\":\"https:\/\/canadaimmigration.org\/tr\/#website\"},\"datePublished\":\"2023-12-08T14:17:30+00:00\",\"dateModified\":\"2024-03-25T16:17:12+00:00\",\"description\":\"Kaanda g\u00f6\u00e7menli\u011fi, ziyaret i\u00e7in \u00e7al\u0131\u015fma vizeleri, \u00e7al\u0131\u015fma izinleri, Kanada'da e\u011fitim rehberi ve Kanada vatanda\u015fl\u0131\u011f\u0131 ile Express Entry sistemi hakk\u0131nda t\u00fcm bilgiler.\",\"breadcrumb\":{\"@id\":\"https:\/\/canadaimmigration.org\/tr\/#breadcrumb\"},\"inLanguage\":\"tr\",\"potentialAction\":[{\"@type\":\"ReadAction\",\"target\":[\"https:\/\/canadaimmigration.org\/tr\/\"]}]},{\"@type\":\"BreadcrumbList\",\"@id\":\"https:\/\/canadaimmigration.org\/tr\/#breadcrumb\",\"itemListElement\":[{\"@type\":\"ListItem\",\"position\":1,\"name\":\"Home\",\"item\":\"https:\/\/canadaimmigration.org\/tr\/\"},{\"@type\":\"ListItem\",\"position\":2,\"name\":\"CanadaImmigration.org\"}]},{\"@type\":\"WebSite\",\"@id\":\"https:\/\/canadaimmigration.org\/tr\/#website\",\"url\":\"https:\/\/canadaimmigration.org\/tr\/\",\"name\":\"CanadaImmigration.org\",\"description\":\"\",\"publisher\":{\"@id\":\"https:\/\/canadaimmigration.org\/tr\/#organization\"},\"potentialAction\":[{\"@type\":\"SearchAction\",\"target\":{\"@type\":\"EntryPoint\",\"urlTemplate\":\"https:\/\/canadaimmigration.org\/tr\/?s={search_term_string}\"},\"query-input\":\"required name=search_term_string\"}],\"inLanguage\":\"tr\"},{\"@type\":\"Organization\",\"@id\":\"https:\/\/canadaimmigration.org\/tr\/#organization\",\"name\":\"CanadaImmigration.org\",\"url\":\"https:\/\/canadaimmigration.org\/tr\/\",\"logo\":{\"@type\":\"ImageObject\",\"inLanguage\":\"tr\",\"@id\":\"https:\/\/canadaimmigration.org\/tr\/#\/schema\/logo\/image\/\",\"url\":\"https:\/\/mav.canadaimmigration.org\/wp-content\/uploads\/2024\/01\/logo.svg\",\"contentUrl\":\"https:\/\/mav.canadaimmigration.org\/wp-content\/uploads\/2024\/01\/logo.svg\",\"width\":200,\"height\":48,\"caption\":\"CanadaImmigration.org\"},\"image\":{\"@id\":\"https:\/\/canadaimmigration.org\/tr\/#\/schema\/logo\/image\/\"}}]}<\/script>\n<!-- \/ Yoast SEO Premium plugin. -->","yoast_head_json":{"title":"Kanada G\u00f6\u00e7menli\u011fi, Kanada Vatanda\u015fl\u0131\u011f\u0131 ve Express Entry | CanadaImmigration.org","description":"Kaanda g\u00f6\u00e7menli\u011fi, ziyaret i\u00e7in \u00e7al\u0131\u015fma vizeleri, \u00e7al\u0131\u015fma izinleri, Kanada'da e\u011fitim rehberi ve Kanada vatanda\u015fl\u0131\u011f\u0131 ile Express Entry sistemi hakk\u0131nda t\u00fcm bilgiler.","robots":{"index":"index","follow":"follow","max-snippet":"max-snippet:-1","max-image-preview":"max-image-preview:large","max-video-preview":"max-video-preview:-1"},"canonical":"https:\/\/canadaimmigration.org\/tr\/","og_locale":"tr_TR","og_type":"article","og_title":"Kanada G\u00f6\u00e7menli\u011fi, Kanada Vatanda\u015fl\u0131\u011f\u0131 ve Express Entry | CanadaImmigration.org","og_description":"Kaanda g\u00f6\u00e7menli\u011fi, ziyaret i\u00e7in \u00e7al\u0131\u015fma vizeleri, \u00e7al\u0131\u015fma izinleri, Kanada'da e\u011fitim rehberi ve Kanada vatanda\u015fl\u0131\u011f\u0131 ile Express Entry sistemi hakk\u0131nda t\u00fcm bilgiler.","og_url":"https:\/\/canadaimmigration.org\/tr\/","og_site_name":"CanadaImmigration.org","article_modified_time":"2024-03-25T16:17:12+00:00","twitter_card":"summary_large_image","twitter_title":"CanadaImmigration.org","twitter_misc":{"Tahmini okuma s\u00fcresi":"2 dakika"},"schema":{"@context":"https:\/\/schema.org","@graph":[{"@type":"WebPage","@id":"https:\/\/canadaimmigration.org\/tr\/","url":"https:\/\/canadaimmigration.org\/tr\/","name":"Kanada G\u00f6\u00e7menli\u011fi, Kanada Vatanda\u015fl\u0131\u011f\u0131 ve Express Entry | CanadaImmigration.org","isPartOf":{"@id":"https:\/\/canadaimmigration.org\/tr\/#website"},"datePublished":"2023-12-08T14:17:30+00:00","dateModified":"2024-03-25T16:17:12+00:00","description":"Kaanda g\u00f6\u00e7menli\u011fi, ziyaret i\u00e7in \u00e7al\u0131\u015fma vizeleri, \u00e7al\u0131\u015fma izinleri, Kanada'da e\u011fitim rehberi ve Kanada vatanda\u015fl\u0131\u011f\u0131 ile Express Entry sistemi hakk\u0131nda t\u00fcm bilgiler.","breadcrumb":{"@id":"https:\/\/canadaimmigration.org\/tr\/#breadcrumb"},"inLanguage":"tr","potentialAction":[{"@type":"ReadAction","target":["https:\/\/canadaimmigration.org\/tr\/"]}]},{"@type":"BreadcrumbList","@id":"https:\/\/canadaimmigration.org\/tr\/#breadcrumb","itemListElement":[{"@type":"ListItem","position":1,"name":"Home","item":"https:\/\/canadaimmigration.org\/tr\/"},{"@type":"ListItem","position":2,"name":"CanadaImmigration.org"}]},{"@type":"WebSite","@id":"https:\/\/canadaimmigration.org\/tr\/#website","url":"https:\/\/canadaimmigration.org\/tr\/","name":"CanadaImmigration.org","description":"","publisher":{"@id":"https:\/\/canadaimmigration.org\/tr\/#organization"},"potentialAction":[{"@type":"SearchAction","target":{"@type":"EntryPoint","urlTemplate":"https:\/\/canadaimmigration.org\/tr\/?s={search_term_string}"},"query-input":"required name=search_term_string"}],"inLanguage":"tr"},{"@type":"Organization","@id":"https:\/\/canadaimmigration.org\/tr\/#organization","name":"CanadaImmigration.org","url":"https:\/\/canadaimmigration.org\/tr\/","logo":{"@type":"ImageObject","inLanguage":"tr","@id":"https:\/\/canadaimmigration.org\/tr\/#\/schema\/logo\/image\/","url":"https:\/\/mav.canadaimmigration.org\/wp-content\/uploads\/2024\/01\/logo.svg","contentUrl":"https:\/\/mav.canadaimmigration.org\/wp-content\/uploads\/2024\/01\/logo.svg","width":200,"height":48,"caption":"CanadaImmigration.org"},"image":{"@id":"https:\/\/canadaimmigration.org\/tr\/#\/schema\/logo\/image\/"}}]}},"_links":{"self":[{"href":"https:\/\/canadaimmigration.org\/tr\/wp-json\/wp\/v2\/pages\/1584"}],"collection":[{"href":"https:\/\/canadaimmigration.org\/tr\/wp-json\/wp\/v2\/pages"}],"about":[{"href":"https:\/\/canadaimmigration.org\/tr\/wp-json\/wp\/v2\/types\/page"}],"author":[{"embeddable":true,"href":"https:\/\/canadaimmigration.org\/tr\/wp-json\/wp\/v2\/users\/1"}],"replies":[{"embeddable":true,"href":"https:\/\/canadaimmigration.org\/tr\/wp-json\/wp\/v2\/comments?post=1584"}],"version-history":[{"count":1,"href":"https:\/\/canadaimmigration.org\/tr\/wp-json\/wp\/v2\/pages\/1584\/revisions"}],"predecessor-version":[{"id":1645,"href":"https:\/\/canadaimmigration.org\/tr\/wp-json\/wp\/v2\/pages\/1584\/revisions\/1645"}],"wp:attachment":[{"href":"https:\/\/canadaimmigration.org\/tr\/wp-json\/wp\/v2\/media?parent=1584"}],"wp:term":[{"taxonomy":"tags","embeddable":true,"href":"https:\/\/canadaimmigration.org\/tr\/wp-json\/wp\/v2\/tags?post=1584"}],"curies":[{"name":"wp","href":"https:\/\/api.w.org\/{rel}","templated":true}]}}