{"id":1621,"date":"2023-12-12T17:38:47","date_gmt":"2023-12-12T13:38:47","guid":{"rendered":"https:\/\/canadaimmigration.org\/study\/"},"modified":"2024-03-23T20:15:56","modified_gmt":"2024-03-23T16:15:56","slug":"egitim","status":"publish","type":"page","link":"https:\/\/canadaimmigration.org\/tr\/egitim\/","title":{"rendered":"Kanada\u2019da E\u011fitim"},"content":{"rendered":"","protected":false},"excerpt":{"rendered":"","protected":false},"author":2,"featured_media":1623,"parent":0,"menu_order":0,"comment_status":"closed","ping_status":"closed","template":"template-sections.php","meta":{"_acf_changed":false,"inline_featured_image":false,"footnotes":""},"tags":[21],"acf":[],"yoast_head":"<!-- This site is optimized with the Yoast SEO Premium plugin v23.0 (Yoast SEO v23.0) - https:\/\/yoast.com\/wordpress\/plugins\/seo\/ -->\n<title>Kanada&#039;da E\u011fitim Rehberi | CanadaImmigration.org<\/title>\n<meta name=\"description\" content=\"Yabanc\u0131 \u00f6\u011frencilerin Kanada&#039;da e\u011ftiim alabilmesi i\u00e7in \u00fccretler, burslar ve \u00f6\u011frenci vizesinin nas\u0131l al\u0131naca\u011f\u0131 gibi bilgileri edinin.\" \/>\n<meta name=\"robots\" content=\"index, follow, max-snippet:-1, max-image-preview:large, max-video-preview:-1\" \/>\n<link rel=\"canonical\" href=\"https:\/\/canadaimmigration.org\/tr\/egitim\/\" \/>\n<meta property=\"og:locale\" content=\"tr_TR\" \/>\n<meta property=\"og:type\" content=\"article\" \/>\n<meta property=\"og:title\" content=\"Kanada\u2019da E\u011fitim\" \/>\n<meta property=\"og:url\" content=\"https:\/\/canadaimmigration.org\/tr\/egitim\/\" \/>\n<meta property=\"og:site_name\" content=\"CanadaImmigration.org\" \/>\n<meta property=\"article:modified_time\" content=\"2024-03-23T16:15:56+00:00\" \/>\n<meta property=\"og:image\" content=\"https:\/\/canadaimmigration.org\/wp-content\/uploads\/2023\/12\/Study-in-Canada.webp\" \/>\n\t<meta property=\"og:image:width\" content=\"1920\" \/>\n\t<meta property=\"og:image:height\" content=\"1225\" \/>\n\t<meta property=\"og:image:type\" content=\"image\/webp\" \/>\n<meta name=\"twitter:card\" content=\"summary_large_image\" \/>\n<meta name=\"twitter:label1\" content=\"Tahmini okuma s\u00fcresi\" \/>\n\t<meta name=\"twitter:data1\" content=\"15 dakika\" \/>\n<script type=\"application\/ld+json\" class=\"yoast-schema-graph\">{\"@context\":\"https:\/\/schema.org\",\"@graph\":[{\"@type\":\"WebPage\",\"@id\":\"https:\/\/canadaimmigration.org\/tr\/egitim\/\",\"url\":\"https:\/\/canadaimmigration.org\/tr\/egitim\/\",\"name\":\"Kanada'da E\u011fitim Rehberi | CanadaImmigration.org\",\"isPartOf\":{\"@id\":\"https:\/\/canadaimmigration.org\/tr\/#website\"},\"primaryImageOfPage\":{\"@id\":\"https:\/\/canadaimmigration.org\/tr\/egitim\/#primaryimage\"},\"image\":{\"@id\":\"https:\/\/canadaimmigration.org\/tr\/egitim\/#primaryimage\"},\"thumbnailUrl\":\"https:\/\/canadaimmigration.org\/wp-content\/uploads\/2023\/12\/Study-in-Canada.webp\",\"datePublished\":\"2023-12-12T13:38:47+00:00\",\"dateModified\":\"2024-03-23T16:15:56+00:00\",\"description\":\"Yabanc\u0131 \u00f6\u011frencilerin Kanada'da e\u011ftiim alabilmesi i\u00e7in \u00fccretler, burslar ve \u00f6\u011frenci vizesinin nas\u0131l al\u0131naca\u011f\u0131 gibi bilgileri edinin.\",\"breadcrumb\":{\"@id\":\"https:\/\/canadaimmigration.org\/tr\/egitim\/#breadcrumb\"},\"inLanguage\":\"tr\",\"potentialAction\":[{\"@type\":\"ReadAction\",\"target\":[\"https:\/\/canadaimmigration.org\/tr\/egitim\/\"]}]},{\"@type\":\"ImageObject\",\"inLanguage\":\"tr\",\"@id\":\"https:\/\/canadaimmigration.org\/tr\/egitim\/#primaryimage\",\"url\":\"https:\/\/canadaimmigration.org\/wp-content\/uploads\/2023\/12\/Study-in-Canada.webp\",\"contentUrl\":\"https:\/\/canadaimmigration.org\/wp-content\/uploads\/2023\/12\/Study-in-Canada.webp\",\"width\":1920,\"height\":1225},{\"@type\":\"BreadcrumbList\",\"@id\":\"https:\/\/canadaimmigration.org\/tr\/egitim\/#breadcrumb\",\"itemListElement\":[{\"@type\":\"ListItem\",\"position\":1,\"name\":\"Home\",\"item\":\"https:\/\/canadaimmigration.org\/tr\/\"},{\"@type\":\"ListItem\",\"position\":2,\"name\":\"Kanada\u2019da E\u011fitim\"}]},{\"@type\":\"WebSite\",\"@id\":\"https:\/\/canadaimmigration.org\/tr\/#website\",\"url\":\"https:\/\/canadaimmigration.org\/tr\/\",\"name\":\"CanadaImmigration.org\",\"description\":\"\",\"publisher\":{\"@id\":\"https:\/\/canadaimmigration.org\/tr\/#organization\"},\"potentialAction\":[{\"@type\":\"SearchAction\",\"target\":{\"@type\":\"EntryPoint\",\"urlTemplate\":\"https:\/\/canadaimmigration.org\/tr\/?s={search_term_string}\"},\"query-input\":\"required name=search_term_string\"}],\"inLanguage\":\"tr\"},{\"@type\":\"Organization\",\"@id\":\"https:\/\/canadaimmigration.org\/tr\/#organization\",\"name\":\"CanadaImmigration.org\",\"url\":\"https:\/\/canadaimmigration.org\/tr\/\",\"logo\":{\"@type\":\"ImageObject\",\"inLanguage\":\"tr\",\"@id\":\"https:\/\/canadaimmigration.org\/tr\/#\/schema\/logo\/image\/\",\"url\":\"https:\/\/mav.canadaimmigration.org\/wp-content\/uploads\/2024\/01\/logo.svg\",\"contentUrl\":\"https:\/\/mav.canadaimmigration.org\/wp-content\/uploads\/2024\/01\/logo.svg\",\"width\":200,\"height\":48,\"caption\":\"CanadaImmigration.org\"},\"image\":{\"@id\":\"https:\/\/canadaimmigration.org\/tr\/#\/schema\/logo\/image\/\"}}]}<\/script>\n<!-- \/ Yoast SEO Premium plugin. -->","yoast_head_json":{"title":"Kanada'da E\u011fitim Rehberi | CanadaImmigration.org","description":"Yabanc\u0131 \u00f6\u011frencilerin Kanada'da e\u011ftiim alabilmesi i\u00e7in \u00fccretler, burslar ve \u00f6\u011frenci vizesinin nas\u0131l al\u0131naca\u011f\u0131 gibi bilgileri edinin.","robots":{"index":"index","follow":"follow","max-snippet":"max-snippet:-1","max-image-preview":"max-image-preview:large","max-video-preview":"max-video-preview:-1"},"canonical":"https:\/\/canadaimmigration.org\/tr\/egitim\/","og_locale":"tr_TR","og_type":"article","og_title":"Kanada\u2019da E\u011fitim","og_url":"https:\/\/canadaimmigration.org\/tr\/egitim\/","og_site_name":"CanadaImmigration.org","article_modified_time":"2024-03-23T16:15:56+00:00","og_image":[{"width":1920,"height":1225,"url":"https:\/\/canadaimmigration.org\/wp-content\/uploads\/2023\/12\/Study-in-Canada.webp","type":"image\/webp"}],"twitter_card":"summary_large_image","twitter_misc":{"Tahmini okuma s\u00fcresi":"15 dakika"},"schema":{"@context":"https:\/\/schema.org","@graph":[{"@type":"WebPage","@id":"https:\/\/canadaimmigration.org\/tr\/egitim\/","url":"https:\/\/canadaimmigration.org\/tr\/egitim\/","name":"Kanada'da E\u011fitim Rehberi | CanadaImmigration.org","isPartOf":{"@id":"https:\/\/canadaimmigration.org\/tr\/#website"},"primaryImageOfPage":{"@id":"https:\/\/canadaimmigration.org\/tr\/egitim\/#primaryimage"},"image":{"@id":"https:\/\/canadaimmigration.org\/tr\/egitim\/#primaryimage"},"thumbnailUrl":"https:\/\/canadaimmigration.org\/wp-content\/uploads\/2023\/12\/Study-in-Canada.webp","datePublished":"2023-12-12T13:38:47+00:00","dateModified":"2024-03-23T16:15:56+00:00","description":"Yabanc\u0131 \u00f6\u011frencilerin Kanada'da e\u011ftiim alabilmesi i\u00e7in \u00fccretler, burslar ve \u00f6\u011frenci vizesinin nas\u0131l al\u0131naca\u011f\u0131 gibi bilgileri edinin.","breadcrumb":{"@id":"https:\/\/canadaimmigration.org\/tr\/egitim\/#breadcrumb"},"inLanguage":"tr","potentialAction":[{"@type":"ReadAction","target":["https:\/\/canadaimmigration.org\/tr\/egitim\/"]}]},{"@type":"ImageObject","inLanguage":"tr","@id":"https:\/\/canadaimmigration.org\/tr\/egitim\/#primaryimage","url":"https:\/\/canadaimmigration.org\/wp-content\/uploads\/2023\/12\/Study-in-Canada.webp","contentUrl":"https:\/\/canadaimmigration.org\/wp-content\/uploads\/2023\/12\/Study-in-Canada.webp","width":1920,"height":1225},{"@type":"BreadcrumbList","@id":"https:\/\/canadaimmigration.org\/tr\/egitim\/#breadcrumb","itemListElement":[{"@type":"ListItem","position":1,"name":"Home","item":"https:\/\/canadaimmigration.org\/tr\/"},{"@type":"ListItem","position":2,"name":"Kanada\u2019da E\u011fitim"}]},{"@type":"WebSite","@id":"https:\/\/canadaimmigration.org\/tr\/#website","url":"https:\/\/canadaimmigration.org\/tr\/","name":"CanadaImmigration.org","description":"","publisher":{"@id":"https:\/\/canadaimmigration.org\/tr\/#organization"},"potentialAction":[{"@type":"SearchAction","target":{"@type":"EntryPoint","urlTemplate":"https:\/\/canadaimmigration.org\/tr\/?s={search_term_string}"},"query-input":"required name=search_term_string"}],"inLanguage":"tr"},{"@type":"Organization","@id":"https:\/\/canadaimmigration.org\/tr\/#organization","name":"CanadaImmigration.org","url":"https:\/\/canadaimmigration.org\/tr\/","logo":{"@type":"ImageObject","inLanguage":"tr","@id":"https:\/\/canadaimmigration.org\/tr\/#\/schema\/logo\/image\/","url":"https:\/\/mav.canadaimmigration.org\/wp-content\/uploads\/2024\/01\/logo.svg","contentUrl":"https:\/\/mav.canadaimmigration.org\/wp-content\/uploads\/2024\/01\/logo.svg","width":200,"height":48,"caption":"CanadaImmigration.org"},"image":{"@id":"https:\/\/canadaimmigration.org\/tr\/#\/schema\/logo\/image\/"}}]}},"_links":{"self":[{"href":"https:\/\/canadaimmigration.org\/tr\/wp-json\/wp\/v2\/pages\/1621"}],"collection":[{"href":"https:\/\/canadaimmigration.org\/tr\/wp-json\/wp\/v2\/pages"}],"about":[{"href":"https:\/\/canadaimmigration.org\/tr\/wp-json\/wp\/v2\/types\/page"}],"author":[{"embeddable":true,"href":"https:\/\/canadaimmigration.org\/tr\/wp-json\/wp\/v2\/users\/2"}],"replies":[{"embeddable":true,"href":"https:\/\/canadaimmigration.org\/tr\/wp-json\/wp\/v2\/comments?post=1621"}],"version-history":[{"count":2,"href":"https:\/\/canadaimmigration.org\/tr\/wp-json\/wp\/v2\/pages\/1621\/revisions"}],"predecessor-version":[{"id":1722,"href":"https:\/\/canadaimmigration.org\/tr\/wp-json\/wp\/v2\/pages\/1621\/revisions\/1722"}],"wp:featuredmedia":[{"embeddable":true,"href":"https:\/\/canadaimmigration.org\/tr\/wp-json\/wp\/v2\/media\/1623"}],"wp:attachment":[{"href":"https:\/\/canadaimmigration.org\/tr\/wp-json\/wp\/v2\/media?parent=1621"}],"wp:term":[{"taxonomy":"tags","embeddable":true,"href":"https:\/\/canadaimmigration.org\/tr\/wp-json\/wp\/v2\/tags?post=1621"}],"curies":[{"name":"wp","href":"https:\/\/api.w.org\/{rel}","templated":true}]}}