{"id":1675,"date":"2023-12-15T18:57:50","date_gmt":"2023-12-15T14:57:50","guid":{"rendered":"https:\/\/canadaimmigration.org\/gocmenlik\/canada-express-entry-system\/"},"modified":"2024-03-23T20:13:45","modified_gmt":"2024-03-23T16:13:45","slug":"kanada-express-entry-sistemi","status":"publish","type":"page","link":"https:\/\/canadaimmigration.org\/tr\/gocmenlik\/kanada-express-entry-sistemi\/","title":{"rendered":"Kanada Express Entry Sistemi"},"content":{"rendered":"","protected":false},"excerpt":{"rendered":"","protected":false},"author":2,"featured_media":1672,"parent":1587,"menu_order":0,"comment_status":"closed","ping_status":"closed","template":"template-sections.php","meta":{"_acf_changed":false,"inline_featured_image":false,"footnotes":""},"tags":[21],"acf":[],"yoast_head":"<!-- This site is optimized with the Yoast SEO Premium plugin v23.0 (Yoast SEO v23.0) - https:\/\/yoast.com\/wordpress\/plugins\/seo\/ -->\n<title>Kanada Express Entry Uygunlu\u011fu: Nas\u0131l Hesaplan\u0131r ve Puan Nas\u0131l Art\u0131r\u0131l\u0131r | CanadaImmigration.org<\/title>\n<meta name=\"description\" content=\"CRS Kanada: En H\u0131zl\u0131 G\u00f6\u00e7menlik Yolu. Ba\u015fvuru s\u00fcreci, \u015fartlar\u0131, uygunluk kriterleri, f\u0131rsatlar\u0131 ve kilit etmenleri \u00f6\u011frenin.\" \/>\n<meta name=\"robots\" content=\"index, follow, max-snippet:-1, max-image-preview:large, max-video-preview:-1\" \/>\n<link rel=\"canonical\" href=\"https:\/\/canadaimmigration.org\/tr\/gocmenlik\/kanada-express-entry-sistemi\/\" \/>\n<meta property=\"og:locale\" content=\"tr_TR\" \/>\n<meta property=\"og:type\" content=\"article\" \/>\n<meta property=\"og:title\" content=\"Kanada Express Entry Sistemi\" \/>\n<meta property=\"og:url\" content=\"https:\/\/canadaimmigration.org\/tr\/gocmenlik\/kanada-express-entry-sistemi\/\" \/>\n<meta property=\"og:site_name\" content=\"CanadaImmigration.org\" \/>\n<meta property=\"article:modified_time\" content=\"2024-03-23T16:13:45+00:00\" \/>\n<meta property=\"og:image\" content=\"https:\/\/canadaimmigration.org\/wp-content\/uploads\/2023\/12\/express-entry-3.webp\" \/>\n\t<meta property=\"og:image:width\" content=\"1920\" \/>\n\t<meta property=\"og:image:height\" content=\"759\" \/>\n\t<meta property=\"og:image:type\" content=\"image\/webp\" \/>\n<meta name=\"twitter:card\" content=\"summary_large_image\" \/>\n<meta name=\"twitter:label1\" content=\"Tahmini okuma s\u00fcresi\" \/>\n\t<meta name=\"twitter:data1\" content=\"15 dakika\" \/>\n<script type=\"application\/ld+json\" class=\"yoast-schema-graph\">{\"@context\":\"https:\/\/schema.org\",\"@graph\":[{\"@type\":\"WebPage\",\"@id\":\"https:\/\/canadaimmigration.org\/tr\/gocmenlik\/kanada-express-entry-sistemi\/\",\"url\":\"https:\/\/canadaimmigration.org\/tr\/gocmenlik\/kanada-express-entry-sistemi\/\",\"name\":\"Kanada Express Entry Uygunlu\u011fu: Nas\u0131l Hesaplan\u0131r ve Puan Nas\u0131l Art\u0131r\u0131l\u0131r | CanadaImmigration.org\",\"isPartOf\":{\"@id\":\"https:\/\/canadaimmigration.org\/tr\/#website\"},\"primaryImageOfPage\":{\"@id\":\"https:\/\/canadaimmigration.org\/tr\/gocmenlik\/kanada-express-entry-sistemi\/#primaryimage\"},\"image\":{\"@id\":\"https:\/\/canadaimmigration.org\/tr\/gocmenlik\/kanada-express-entry-sistemi\/#primaryimage\"},\"thumbnailUrl\":\"https:\/\/canadaimmigration.org\/wp-content\/uploads\/2023\/12\/express-entry-3.webp\",\"datePublished\":\"2023-12-15T14:57:50+00:00\",\"dateModified\":\"2024-03-23T16:13:45+00:00\",\"description\":\"CRS Kanada: En H\u0131zl\u0131 G\u00f6\u00e7menlik Yolu. Ba\u015fvuru s\u00fcreci, \u015fartlar\u0131, uygunluk kriterleri, f\u0131rsatlar\u0131 ve kilit etmenleri \u00f6\u011frenin.\",\"breadcrumb\":{\"@id\":\"https:\/\/canadaimmigration.org\/tr\/gocmenlik\/kanada-express-entry-sistemi\/#breadcrumb\"},\"inLanguage\":\"tr\",\"potentialAction\":[{\"@type\":\"ReadAction\",\"target\":[\"https:\/\/canadaimmigration.org\/tr\/gocmenlik\/kanada-express-entry-sistemi\/\"]}]},{\"@type\":\"ImageObject\",\"inLanguage\":\"tr\",\"@id\":\"https:\/\/canadaimmigration.org\/tr\/gocmenlik\/kanada-express-entry-sistemi\/#primaryimage\",\"url\":\"https:\/\/canadaimmigration.org\/wp-content\/uploads\/2023\/12\/express-entry-3.webp\",\"contentUrl\":\"https:\/\/canadaimmigration.org\/wp-content\/uploads\/2023\/12\/express-entry-3.webp\",\"width\":1920,\"height\":759},{\"@type\":\"BreadcrumbList\",\"@id\":\"https:\/\/canadaimmigration.org\/tr\/gocmenlik\/kanada-express-entry-sistemi\/#breadcrumb\",\"itemListElement\":[{\"@type\":\"ListItem\",\"position\":1,\"name\":\"Home\",\"item\":\"https:\/\/canadaimmigration.org\/tr\/\"},{\"@type\":\"ListItem\",\"position\":2,\"name\":\"Kanada\u2019ya G\u00f6\u00e7\",\"item\":\"https:\/\/canadaimmigration.org\/tr\/gocmenlik\/\"},{\"@type\":\"ListItem\",\"position\":3,\"name\":\"Kanada Express Entry Sistemi\"}]},{\"@type\":\"WebSite\",\"@id\":\"https:\/\/canadaimmigration.org\/tr\/#website\",\"url\":\"https:\/\/canadaimmigration.org\/tr\/\",\"name\":\"CanadaImmigration.org\",\"description\":\"\",\"publisher\":{\"@id\":\"https:\/\/canadaimmigration.org\/tr\/#organization\"},\"potentialAction\":[{\"@type\":\"SearchAction\",\"target\":{\"@type\":\"EntryPoint\",\"urlTemplate\":\"https:\/\/canadaimmigration.org\/tr\/?s={search_term_string}\"},\"query-input\":\"required name=search_term_string\"}],\"inLanguage\":\"tr\"},{\"@type\":\"Organization\",\"@id\":\"https:\/\/canadaimmigration.org\/tr\/#organization\",\"name\":\"CanadaImmigration.org\",\"url\":\"https:\/\/canadaimmigration.org\/tr\/\",\"logo\":{\"@type\":\"ImageObject\",\"inLanguage\":\"tr\",\"@id\":\"https:\/\/canadaimmigration.org\/tr\/#\/schema\/logo\/image\/\",\"url\":\"https:\/\/mav.canadaimmigration.org\/wp-content\/uploads\/2024\/01\/logo.svg\",\"contentUrl\":\"https:\/\/mav.canadaimmigration.org\/wp-content\/uploads\/2024\/01\/logo.svg\",\"width\":200,\"height\":48,\"caption\":\"CanadaImmigration.org\"},\"image\":{\"@id\":\"https:\/\/canadaimmigration.org\/tr\/#\/schema\/logo\/image\/\"}}]}<\/script>\n<!-- \/ Yoast SEO Premium plugin. -->","yoast_head_json":{"title":"Kanada Express Entry Uygunlu\u011fu: Nas\u0131l Hesaplan\u0131r ve Puan Nas\u0131l Art\u0131r\u0131l\u0131r | CanadaImmigration.org","description":"CRS Kanada: En H\u0131zl\u0131 G\u00f6\u00e7menlik Yolu. Ba\u015fvuru s\u00fcreci, \u015fartlar\u0131, uygunluk kriterleri, f\u0131rsatlar\u0131 ve kilit etmenleri \u00f6\u011frenin.","robots":{"index":"index","follow":"follow","max-snippet":"max-snippet:-1","max-image-preview":"max-image-preview:large","max-video-preview":"max-video-preview:-1"},"canonical":"https:\/\/canadaimmigration.org\/tr\/gocmenlik\/kanada-express-entry-sistemi\/","og_locale":"tr_TR","og_type":"article","og_title":"Kanada Express Entry Sistemi","og_url":"https:\/\/canadaimmigration.org\/tr\/gocmenlik\/kanada-express-entry-sistemi\/","og_site_name":"CanadaImmigration.org","article_modified_time":"2024-03-23T16:13:45+00:00","og_image":[{"width":1920,"height":759,"url":"https:\/\/canadaimmigration.org\/wp-content\/uploads\/2023\/12\/express-entry-3.webp","type":"image\/webp"}],"twitter_card":"summary_large_image","twitter_misc":{"Tahmini okuma s\u00fcresi":"15 dakika"},"schema":{"@context":"https:\/\/schema.org","@graph":[{"@type":"WebPage","@id":"https:\/\/canadaimmigration.org\/tr\/gocmenlik\/kanada-express-entry-sistemi\/","url":"https:\/\/canadaimmigration.org\/tr\/gocmenlik\/kanada-express-entry-sistemi\/","name":"Kanada Express Entry Uygunlu\u011fu: Nas\u0131l Hesaplan\u0131r ve Puan Nas\u0131l Art\u0131r\u0131l\u0131r | CanadaImmigration.org","isPartOf":{"@id":"https:\/\/canadaimmigration.org\/tr\/#website"},"primaryImageOfPage":{"@id":"https:\/\/canadaimmigration.org\/tr\/gocmenlik\/kanada-express-entry-sistemi\/#primaryimage"},"image":{"@id":"https:\/\/canadaimmigration.org\/tr\/gocmenlik\/kanada-express-entry-sistemi\/#primaryimage"},"thumbnailUrl":"https:\/\/canadaimmigration.org\/wp-content\/uploads\/2023\/12\/express-entry-3.webp","datePublished":"2023-12-15T14:57:50+00:00","dateModified":"2024-03-23T16:13:45+00:00","description":"CRS Kanada: En H\u0131zl\u0131 G\u00f6\u00e7menlik Yolu. Ba\u015fvuru s\u00fcreci, \u015fartlar\u0131, uygunluk kriterleri, f\u0131rsatlar\u0131 ve kilit etmenleri \u00f6\u011frenin.","breadcrumb":{"@id":"https:\/\/canadaimmigration.org\/tr\/gocmenlik\/kanada-express-entry-sistemi\/#breadcrumb"},"inLanguage":"tr","potentialAction":[{"@type":"ReadAction","target":["https:\/\/canadaimmigration.org\/tr\/gocmenlik\/kanada-express-entry-sistemi\/"]}]},{"@type":"ImageObject","inLanguage":"tr","@id":"https:\/\/canadaimmigration.org\/tr\/gocmenlik\/kanada-express-entry-sistemi\/#primaryimage","url":"https:\/\/canadaimmigration.org\/wp-content\/uploads\/2023\/12\/express-entry-3.webp","contentUrl":"https:\/\/canadaimmigration.org\/wp-content\/uploads\/2023\/12\/express-entry-3.webp","width":1920,"height":759},{"@type":"BreadcrumbList","@id":"https:\/\/canadaimmigration.org\/tr\/gocmenlik\/kanada-express-entry-sistemi\/#breadcrumb","itemListElement":[{"@type":"ListItem","position":1,"name":"Home","item":"https:\/\/canadaimmigration.org\/tr\/"},{"@type":"ListItem","position":2,"name":"Kanada\u2019ya G\u00f6\u00e7","item":"https:\/\/canadaimmigration.org\/tr\/gocmenlik\/"},{"@type":"ListItem","position":3,"name":"Kanada Express Entry Sistemi"}]},{"@type":"WebSite","@id":"https:\/\/canadaimmigration.org\/tr\/#website","url":"https:\/\/canadaimmigration.org\/tr\/","name":"CanadaImmigration.org","description":"","publisher":{"@id":"https:\/\/canadaimmigration.org\/tr\/#organization"},"potentialAction":[{"@type":"SearchAction","target":{"@type":"EntryPoint","urlTemplate":"https:\/\/canadaimmigration.org\/tr\/?s={search_term_string}"},"query-input":"required name=search_term_string"}],"inLanguage":"tr"},{"@type":"Organization","@id":"https:\/\/canadaimmigration.org\/tr\/#organization","name":"CanadaImmigration.org","url":"https:\/\/canadaimmigration.org\/tr\/","logo":{"@type":"ImageObject","inLanguage":"tr","@id":"https:\/\/canadaimmigration.org\/tr\/#\/schema\/logo\/image\/","url":"https:\/\/mav.canadaimmigration.org\/wp-content\/uploads\/2024\/01\/logo.svg","contentUrl":"https:\/\/mav.canadaimmigration.org\/wp-content\/uploads\/2024\/01\/logo.svg","width":200,"height":48,"caption":"CanadaImmigration.org"},"image":{"@id":"https:\/\/canadaimmigration.org\/tr\/#\/schema\/logo\/image\/"}}]}},"_links":{"self":[{"href":"https:\/\/canadaimmigration.org\/tr\/wp-json\/wp\/v2\/pages\/1675"}],"collection":[{"href":"https:\/\/canadaimmigration.org\/tr\/wp-json\/wp\/v2\/pages"}],"about":[{"href":"https:\/\/canadaimmigration.org\/tr\/wp-json\/wp\/v2\/types\/page"}],"author":[{"embeddable":true,"href":"https:\/\/canadaimmigration.org\/tr\/wp-json\/wp\/v2\/users\/2"}],"replies":[{"embeddable":true,"href":"https:\/\/canadaimmigration.org\/tr\/wp-json\/wp\/v2\/comments?post=1675"}],"version-history":[{"count":1,"href":"https:\/\/canadaimmigration.org\/tr\/wp-json\/wp\/v2\/pages\/1675\/revisions"}],"predecessor-version":[{"id":1679,"href":"https:\/\/canadaimmigration.org\/tr\/wp-json\/wp\/v2\/pages\/1675\/revisions\/1679"}],"up":[{"embeddable":true,"href":"https:\/\/canadaimmigration.org\/tr\/wp-json\/wp\/v2\/pages\/1587"}],"wp:featuredmedia":[{"embeddable":true,"href":"https:\/\/canadaimmigration.org\/tr\/wp-json\/wp\/v2\/media\/1672"}],"wp:attachment":[{"href":"https:\/\/canadaimmigration.org\/tr\/wp-json\/wp\/v2\/media?parent=1675"}],"wp:term":[{"taxonomy":"tags","embeddable":true,"href":"https:\/\/canadaimmigration.org\/tr\/wp-json\/wp\/v2\/tags?post=1675"}],"curies":[{"name":"wp","href":"https:\/\/api.w.org\/{rel}","templated":true}]}}